{"id":15592,"date":"2016-07-28T00:38:37","date_gmt":"2016-07-27T22:38:37","guid":{"rendered":"https:\/\/www.maisoncisson.com\/produit\/le-saucisson-aux-noix-du-perigord\/"},"modified":"2024-10-17T11:38:10","modified_gmt":"2024-10-17T09:38:10","slug":"le-saucisson-aux-noix-du-perigord","status":"publish","type":"product","link":"https:\/\/www.maisoncisson.com\/en\/produit\/le-saucisson-aux-noix-du-perigord\/","title":{"rendered":"&#8220;P\u00e9rigord walnut saucisson&#8221;"},"content":{"rendered":"<p><strong><span style=\"color: #213d5f;\">Fabrication Fran\u00e7aise<\/span> \/ <span style=\"color: #ed1b25;\">Mod\u00e8le D\u00e9pos\u00e9<\/span><\/strong><\/p>\n<p>As we made our way throughout France, discovering one saucisson at a time, <strong>Maison Cisson<\/strong> realised we would be mad to miss out this delicious regional product. And so, we decided to add the P\u00e9rigord walnut saucssion to our collection of typically French knitted saucissons. Vive la P\u00e9rigord walnut saucssion from <strong>MAISON CISSON<\/strong>! It\u2019s the rustic-style wool and red and white Baker\u2019s twine that makes this saucisson tr\u00e8s countryside chic! And you know that here at <strong>MAISON CISSON<\/strong>, we do love a stylish sausage!<\/p>\n<p>Hang it up in your kitchen alongside a linen towel or a crisp white tea towel using one of our butcher\u2019s hooks, making for the ideal kitchen deocoration.<\/p>\n<p>The knitted P\u00e9rigord walnut saucisson is made by <strong>MAISON CISSON<\/strong>, the number 1 for knitted French charcuterie.<\/p>\n<p><span style=\"color: #ed1b25;\">\u2022 <a href=\"https:\/\/www.maisoncisson.com\/en\/\">Our Cheeses, saucissons and hooks <\/a><\/span><span style=\"color: #ff0000;\">are all delivered in France by Colissimo\u2019s 2-days tracked service. For other countries, you can follow the routing of your parcel with the tracking number on colissimo.fr<\/span><br \/>\n<span style=\"color: #ed1b25;\">\u2022 Secure payment via BNP Mercanet.<br \/>\n\u2022 Returns and Refunds: please visit<a href=\"\/?page_id=1002\">the Secure Payment page<\/a>.<\/span><\/p>\n","protected":false},"excerpt":{"rendered":"<p><strong>Description :<br \/>\n<\/strong>Knitted saucisson in taupe wool, manual tying with cotton kitchen twine, metallic clips.<br \/>\nFilling polyester.<br \/>\nPaper label.<br \/>\nLength approx. : 20 cm<br \/>\nDiameter : 6 cm<br \/>\nWeight : approx. 40 gr<\/p>\n<p><em>Ref. NO01 &#8211; Product code: 7108811647797<\/em><\/p>\n","protected":false},"featured_media":15449,"template":"","meta":{"_acf_changed":false},"product_brand":[],"product_cat":[175],"product_tag":[],"class_list":{"0":"post-15592","1":"product","2":"type-product","3":"status-publish","4":"has-post-thumbnail","6":"product_cat-charcuterie-en","8":"first","9":"instock","10":"taxable","11":"shipping-taxable","12":"purchasable","13":"product-type-simple"},"acf":[],"_links":{"self":[{"href":"https:\/\/www.maisoncisson.com\/en\/wp-json\/wp\/v2\/product\/15592","targetHints":{"allow":["GET"]}}],"collection":[{"href":"https:\/\/www.maisoncisson.com\/en\/wp-json\/wp\/v2\/product"}],"about":[{"href":"https:\/\/www.maisoncisson.com\/en\/wp-json\/wp\/v2\/types\/product"}],"wp:featuredmedia":[{"embeddable":true,"href":"https:\/\/www.maisoncisson.com\/en\/wp-json\/wp\/v2\/media\/15449"}],"wp:attachment":[{"href":"https:\/\/www.maisoncisson.com\/en\/wp-json\/wp\/v2\/media?parent=15592"}],"wp:term":[{"taxonomy":"product_brand","embeddable":true,"href":"https:\/\/www.maisoncisson.com\/en\/wp-json\/wp\/v2\/product_brand?post=15592"},{"taxonomy":"product_cat","embeddable":true,"href":"https:\/\/www.maisoncisson.com\/en\/wp-json\/wp\/v2\/product_cat?post=15592"},{"taxonomy":"product_tag","embeddable":true,"href":"https:\/\/www.maisoncisson.com\/en\/wp-json\/wp\/v2\/product_tag?post=15592"}],"curies":[{"name":"wp","href":"https:\/\/api.w.org\/{rel}","templated":true}]}}