{"id":15593,"date":"2016-07-28T00:38:17","date_gmt":"2016-07-27T22:38:17","guid":{"rendered":"https:\/\/www.maisoncisson.com\/produit\/la-rosette-de-lyon\/"},"modified":"2024-11-08T21:11:25","modified_gmt":"2024-11-08T20:11:25","slug":"la-rosette-de-lyon","status":"publish","type":"product","link":"https:\/\/www.maisoncisson.com\/en\/produit\/la-rosette-de-lyon\/","title":{"rendered":"&#8220;Rosette de Lyon&#8221;"},"content":{"rendered":"<p><strong><span style=\"color: #213d5f;\">Fabrication Fran\u00e7aise<\/span> \/ <span style=\"color: #ed1b25;\">Mod\u00e8le D\u00e9pos\u00e9<\/span><\/strong><\/p>\n<p>Now that\u2019s what I call a REAL saucisson! Dressed in its traditional white netting, the edible version of the Rosette de Lyon is the Sharon Stone of knitted saucissons. Quite simply, a star. In fact, everyone is crazy about this knitted saucisson!<\/p>\n<p>Just image it hanging from a butcher\u2019s hook in your kitchen \u2013 it makes for a rather spectacular kitchen decoration that won\u2019t fail to impress!<\/p>\n<p>From afar, your eyes will certainly deceive you, as it looks like the real deal with its red and white-coloured wools and its label featuring a sheep in a chef\u2019s hat \u2013 and said hat is symbolic the great Lyonnaise cuisine. The Rosette de Lyon is truly the one for saucisson lovers.<\/p>\n<p>As for the edible version, it\u2019s a saucisson with peasant origins. The rosette is stuffed into a bullet-shaped casing giving it a distinctive tapered shape. Next, it goes in a netting and is dry-cured for two to three months, and once ready, it must be stored in a clean, dry place away from direct sunlight and extreme temperatures. However, there\u2019s no need to take such precautions with <strong>MAISON CISSON<\/strong>\u2019s version, as our knitted saucssion will never perish!<\/p>\n<p>The knitted Rosette de Lyon is made by <strong>MAISON CISSON<\/strong>, the number 1 for knitted French charcuterie.<\/p>\n<p><span style=\"color: #ed1b25;\">\u2022 <a href=\"https:\/\/www.maisoncisson.com\/en\/\">Our Cheeses, saucissons and hooks<\/a> are all delivered in France by Colissimo\u2019s 2-days tracked service. For other countries, you can follow the routing of your parcel with the tracking number on colissimo.fr<br \/>\n\u2022 Returns and Refunds: please visit <a href=\"\/?page_id=1002\">the Secure Payment page<\/a>.<\/span><\/p>\n","protected":false},"excerpt":{"rendered":"<p><strong>Description :<\/strong><br \/>\nKnitted saucisson in white and red wool, manual tying with kitchen white cotton net, metallic clips.<br \/>\nFilling polyester.<br \/>\nPaper label.<br \/>\nLength approx. : 35 cm<br \/>\nDiameter : 8 cm<br \/>\nWeight : approx. 80 gr<\/p>\n<p><em>Ref. RO01 &#8211; Product code: 7108812564093<\/em><\/p>\n","protected":false},"featured_media":15014,"template":"","meta":{"_acf_changed":false},"product_brand":[],"product_cat":[175],"product_tag":[],"class_list":{"0":"post-15593","1":"product","2":"type-product","3":"status-publish","4":"has-post-thumbnail","6":"product_cat-charcuterie-en","8":"first","9":"instock","10":"taxable","11":"shipping-taxable","12":"purchasable","13":"product-type-simple"},"acf":[],"_links":{"self":[{"href":"https:\/\/www.maisoncisson.com\/en\/wp-json\/wp\/v2\/product\/15593","targetHints":{"allow":["GET"]}}],"collection":[{"href":"https:\/\/www.maisoncisson.com\/en\/wp-json\/wp\/v2\/product"}],"about":[{"href":"https:\/\/www.maisoncisson.com\/en\/wp-json\/wp\/v2\/types\/product"}],"wp:featuredmedia":[{"embeddable":true,"href":"https:\/\/www.maisoncisson.com\/en\/wp-json\/wp\/v2\/media\/15014"}],"wp:attachment":[{"href":"https:\/\/www.maisoncisson.com\/en\/wp-json\/wp\/v2\/media?parent=15593"}],"wp:term":[{"taxonomy":"product_brand","embeddable":true,"href":"https:\/\/www.maisoncisson.com\/en\/wp-json\/wp\/v2\/product_brand?post=15593"},{"taxonomy":"product_cat","embeddable":true,"href":"https:\/\/www.maisoncisson.com\/en\/wp-json\/wp\/v2\/product_cat?post=15593"},{"taxonomy":"product_tag","embeddable":true,"href":"https:\/\/www.maisoncisson.com\/en\/wp-json\/wp\/v2\/product_tag?post=15593"}],"curies":[{"name":"wp","href":"https:\/\/api.w.org\/{rel}","templated":true}]}}